{"id":862,"date":"2011-09-23T15:15:41","date_gmt":"2011-09-23T15:15:41","guid":{"rendered":"http:\/\/rttheme18.demo-rt.com\/?page_id=5"},"modified":"2015-06-09T18:49:46","modified_gmt":"2015-06-09T18:49:46","slug":"about-us","status":"publish","type":"page","link":"https:\/\/andradeseguros.com.br\/news\/?page_id=862","title":{"rendered":"Quem Somos"},"content":{"rendered":"<div id=\"idTextPanel\">\n<p>\n\t\t<!-- MasterSlider -->\n\t\t<div id=\"P_MS69f5f0c4d7239\" class=\"master-slider-parent msl ms-parent-id-1\" style=\"max-width:600px;\"  >\n\t\t\t\t\n\t\t\t\n\t\t\t<!-- MasterSlider Main -->\n\t\t\t<div id=\"MS69f5f0c4d7239\" class=\"master-slider ms-skin-default\" >\n\t\t\t\t \t\t\t\t \n\t\t\t\t<div  class=\"ms-slide\" data-delay=\"3\" data-fill-mode=\"fill\"  >\n\t\t\t\t\t<img src=\"https:\/\/andradeseguros.com.br\/news\/wp-content\/plugins\/master-slider\/public\/assets\/css\/blank.gif\" alt=\"\" title=\"\" data-src=\"https:\/\/andradeseguros.com.br\/news\/wp-content\/uploads\/2011\/09\/10421445_918998698162968_4898241720848092100_n.jpg\" \/>\n\n\n\t<div class=\"ms-thumb\" ><div class=\"ms-tab-context\"><div class=&quot;ms-tab-context&quot;><\/div><\/div>\n<\/div>\n\t\t\t\t<\/div>\n\n\t\t\t<\/div>\n\t\t\t<!-- END MasterSlider Main -->\n\n\t\t\t \n\t\t<\/div>\n\t\t<!-- END MasterSlider --> \n\t\t\n\t\t<script>\n\t\t(function ( $ ) {\n\t\t\t\"use strict\";\n\n\t\t\t$(function () {\n\t\t\t\tvar masterslider_7239 = new MasterSlider();\n\n\t\t\t\t\/\/ slider controls\n\t\t\t\tmasterslider_7239.control('arrows'     ,{ autohide:true, overVideo:true  });                    \n\n\t\t\t\tmasterslider_7239.control('circletimer',{ autohide:false, overVideo:true, color:'#A2A2A2', radius:4, stroke:10   });\n\t\t\t\tmasterslider_7239.control('timebar'    ,{ autohide:false, overVideo:true, align:'bottom', color:'#FFFFFF'  , width:4 });\n\t\t\t\t\/\/ slider setup\n\t\t\t\tmasterslider_7239.setup(\"MS69f5f0c4d7239\", {\n\t\t\t\t\t\twidth           : 600,\n\t\t\t\t\t\theight          : 400,\n\t\t\t\t\t\tminHeight       : 0,\n\t\t\t\t\t\tspace           : 0,\n\t\t\t\t\t\tstart           : 1,\n\t\t\t\t\t\tgrabCursor      : true,\n\t\t\t\t\t\tswipe           : true,\n\t\t\t\t\t\tmouse           : true,\n\t\t\t\t\t\tlayout          : \"boxed\", \n\t\t\t\t\t\twheel           : false,\n\t\t\t\t\t\tautoplay        : true,\n\t\t\t\t\t\tinstantStartLayers:false,\n\t\t\t\t\t\tloop            : false,\n\t\t\t\t\t\tshuffle         : false,\n\t\t\t\t\t\tpreload         : 0,\n\t\t\t\t\t\theightLimit     : true,\n\t\t\t\t\t\tautoHeight      : false,\n\t\t\t\t\t\tsmoothHeight    : true,\n\t\t\t\t\t\tendPause        : false,\n\t\t\t\t\t\toverPause       : true,\n\t\t\t\t\t\tfillMode        : \"fill\", \n\t\t\t\t\t\tcenterControls  : true,\n\t\t\t\t\t\tstartOnAppear   : false,\n\t\t\t\t\t\tlayersMode      : \"center\", \n\t\t\t\t\t\thideLayers      : false, \n\t\t\t\t\t\tfullscreenMargin: 0,\n\t\t\t\t\t\tspeed           : 20, \n\t\t\t\t\t\tdir             : \"h\", \n\t\t\t\t\t\tparallaxMode    : 'swipe',\n\t\t\t\t\t\tview            : \"basic\"\n\t\t\t\t});\n\n\t\t\t\t\n\t\t\t\twindow.masterslider_instances = window.masterslider_instances || [];\n\t\t\t\twindow.masterslider_instances.push( masterslider_7239 );\n\t\t\t });\n\t\t\t\n\t\t})(jQuery);\n\t\t<\/script> \n\t\t\n<br \/>\nA <strong>Andrade Seguros<\/strong> \u00e9 uma corretora de seguros que tem como princ\u00edpio fundamental o atendimento as necessidades dos clientes, oferecendo tranquilidade e seguran\u00e7a desde a contrata\u00e7\u00e3o do seguro at\u00e9 a liquida\u00e7\u00e3o de eventuais sinistros.<br \/>\nA equipe de trabalho \u00e9 formada por profissionais qualificados e comprometidos com a satisfa\u00e7\u00e3o do cliente na qualidade do servi\u00e7o prestado.<\/p>\n<p>&nbsp;<\/p>\n<\/div>\n","protected":false},"excerpt":{"rendered":"<p>A Andrade Seguros \u00e9 uma corretora de seguros que tem como princ\u00edpio fundamental o atendimento as necessidades dos clientes, oferecendo tranquilidade e seguran\u00e7a desde a contrata\u00e7\u00e3o do seguro at\u00e9 a liquida\u00e7\u00e3o de eventuais sinistros. A equipe de trabalho \u00e9 formada por profissionais qualificados e comprometidos com a satisfa\u00e7\u00e3o do cliente na qualidade do servi\u00e7o prestado. [&hellip;]<\/p>\n","protected":false},"author":1,"featured_media":0,"parent":0,"menu_order":0,"comment_status":"open","ping_status":"open","template":"","meta":[],"_links":{"self":[{"href":"https:\/\/andradeseguros.com.br\/news\/index.php?rest_route=\/wp\/v2\/pages\/862"}],"collection":[{"href":"https:\/\/andradeseguros.com.br\/news\/index.php?rest_route=\/wp\/v2\/pages"}],"about":[{"href":"https:\/\/andradeseguros.com.br\/news\/index.php?rest_route=\/wp\/v2\/types\/page"}],"author":[{"embeddable":true,"href":"https:\/\/andradeseguros.com.br\/news\/index.php?rest_route=\/wp\/v2\/users\/1"}],"replies":[{"embeddable":true,"href":"https:\/\/andradeseguros.com.br\/news\/index.php?rest_route=%2Fwp%2Fv2%2Fcomments&post=862"}],"version-history":[{"count":7,"href":"https:\/\/andradeseguros.com.br\/news\/index.php?rest_route=\/wp\/v2\/pages\/862\/revisions"}],"predecessor-version":[{"id":2435,"href":"https:\/\/andradeseguros.com.br\/news\/index.php?rest_route=\/wp\/v2\/pages\/862\/revisions\/2435"}],"wp:attachment":[{"href":"https:\/\/andradeseguros.com.br\/news\/index.php?rest_route=%2Fwp%2Fv2%2Fmedia&parent=862"}],"curies":[{"name":"wp","href":"https:\/\/api.w.org\/{rel}","templated":true}]}}